{"id":14,"date":"2026-04-12T00:23:48","date_gmt":"2026-04-12T00:23:48","guid":{"rendered":"https:\/\/poolsum.shop\/?page_id=14"},"modified":"2026-04-12T00:29:16","modified_gmt":"2026-04-12T00:29:16","slug":"cart","status":"publish","type":"page","link":"https:\/\/poolsum.shop\/?page_id=14","title":{"rendered":"Cart"},"content":{"rendered":"\n<div data-block-name=\"woocommerce\/cart\" class=\"wp-block-woocommerce-cart alignwide is-loading\">\n<div data-block-name=\"woocommerce\/filled-cart-block\" class=\"wp-block-woocommerce-filled-cart-block\">\n<div data-block-name=\"woocommerce\/cart-items-block\" class=\"wp-block-woocommerce-cart-items-block\">\n<div data-block-name=\"woocommerce\/cart-line-items-block\" class=\"wp-block-woocommerce-cart-line-items-block\"><\/div>\n\n\n<\/div>\n\n\n\n\n<div data-block-name=\"woocommerce\/cart-totals-block\" class=\"wp-block-woocommerce-cart-totals-block\">\n<div data-block-name=\"woocommerce\/cart-order-summary-block\" class=\"wp-block-woocommerce-cart-order-summary-block\">\n<div data-block-name=\"woocommerce\/cart-order-summary-heading-block\" class=\"wp-block-woocommerce-cart-order-summary-heading-block\"><\/div><div data-block-name=\"woocommerce\/cart-order-summary-coupon-form-block\" class=\"wp-block-woocommerce-cart-order-summary-coupon-form-block\"><\/div><div data-block-name=\"woocommerce\/cart-order-summary-totals-block\" class=\"wp-block-woocommerce-cart-order-summary-totals-block\">\n<div data-block-name=\"woocommerce\/cart-order-summary-subtotal-block\" class=\"wp-block-woocommerce-cart-order-summary-subtotal-block\"><\/div>\n<div data-block-name=\"woocommerce\/cart-order-summary-discount-block\" class=\"wp-block-woocommerce-cart-order-summary-discount-block\"><\/div>\n<div data-block-name=\"woocommerce\/cart-order-summary-fee-block\" class=\"wp-block-woocommerce-cart-order-summary-fee-block\"><\/div>\n<div data-block-name=\"woocommerce\/cart-order-summary-shipping-block\" class=\"wp-block-woocommerce-cart-order-summary-shipping-block\"><\/div>\n<div data-block-name=\"woocommerce\/cart-order-summary-taxes-block\" class=\"wp-block-woocommerce-cart-order-summary-taxes-block\"><\/div><\/div>\n<\/div>\n\n\n\n<div data-block-name=\"woocommerce\/cart-express-payment-block\" class=\"wp-block-woocommerce-cart-express-payment-block\"><\/div>\n\n\n\n<div data-block-name=\"woocommerce\/proceed-to-checkout-block\" class=\"wp-block-woocommerce-proceed-to-checkout-block\"><\/div>\n\n\n\n<div data-block-name=\"woocommerce\/cart-accepted-payment-methods-block\" class=\"wp-block-woocommerce-cart-accepted-payment-methods-block\"><\/div>\n<\/div>\n<\/div>\n\n\n\n<div data-block-name=\"woocommerce\/empty-cart-block\" class=\"wp-block-woocommerce-empty-cart-block\">\n<h2 class=\"wp-block-heading has-text-align-center with-empty-cart-icon wc-block-cart__empty-cart__title\">Your cart is currently empty!<\/h2>\n\n\n\n<hr class=\"wp-block-separator has-alpha-channel-opacity is-style-dots\"\/>\n\n\n\n<h2 class=\"wp-block-heading has-text-align-center\">New in store<\/h2>\n\n\n<div data-block-name=\"woocommerce\/product-new\" data-columns=\"4\" data-rows=\"1\" class=\"wc-block-grid wp-block-product-new wp-block-woocommerce-product-new wc-block-product-new has-4-columns\"><ul class=\"wc-block-grid__products\"><li class=\"wc-block-grid__product\">\n\t\t\t\t<a href=\"https:\/\/poolsum.shop\/?product=worx-landroid-vision-l1600-wr216e-1-mahroboter-ohne-begrenzungskabel-fur-garten-bis-1600m-ai-rasenmaher-roboter-wlan-bluetooth-aktive-hindernisvermeidung-mit-ki-technologie-igelschutz\" class=\"wc-block-grid__product-link\">\n\t\t\t\t\t<div class=\"wc-block-grid__product-onsale\">\n\t\t\t<span aria-hidden=\"true\">Angebot<\/span>\n\t\t\t<span class=\"screen-reader-text\">Produkt im Angebot<\/span>\n\t\t<\/div>\n\t\t\t\t\t<div class=\"wc-block-grid__product-image\"><img loading=\"lazy\" decoding=\"async\" width=\"430\" height=\"310\" src=\"https:\/\/poolsum.shop\/wp-content\/uploads\/2026\/04\/61mR_jZt4yL._AC_SL1500-430x310.jpg\" class=\"attachment-woocommerce_thumbnail size-woocommerce_thumbnail\" alt=\"WORX Landroid Vision L1600 WR216E.1 - M\u00e4hroboter ohne Begrenzungskabel f\u00fcr G\u00e4rten bis 1600m\u00b2, AI Rasenm\u00e4her Roboter (WLAN &amp; Bluetooth, aktive Hindernisvermeidung mit KI-Technologie, Igelschutz)\" srcset=\"https:\/\/poolsum.shop\/wp-content\/uploads\/2026\/04\/61mR_jZt4yL._AC_SL1500-430x310.jpg 430w, https:\/\/poolsum.shop\/wp-content\/uploads\/2026\/04\/61mR_jZt4yL._AC_SL1500-400x289.jpg 400w, https:\/\/poolsum.shop\/wp-content\/uploads\/2026\/04\/61mR_jZt4yL._AC_SL1500-1109x800.jpg 1109w, https:\/\/poolsum.shop\/wp-content\/uploads\/2026\/04\/61mR_jZt4yL._AC_SL1500-768x554.jpg 768w, https:\/\/poolsum.shop\/wp-content\/uploads\/2026\/04\/61mR_jZt4yL._AC_SL1500-700x505.jpg 700w, https:\/\/poolsum.shop\/wp-content\/uploads\/2026\/04\/61mR_jZt4yL._AC_SL1500-150x108.jpg 150w, https:\/\/poolsum.shop\/wp-content\/uploads\/2026\/04\/61mR_jZt4yL._AC_SL1500.jpg 1500w\" sizes=\"auto, (max-width: 430px) 100vw, 430px\" \/><\/div>\n\t\t\t\t\t<div class=\"wc-block-grid__product-title\">WORX M\u00e4hroboter ohne Begrenzungskabel &#8211; 1600m\u00b2 Rasenfl\u00e4che | GPS RTK Navigation<\/div>\n\t\t\t\t<\/a>\n\t\t\t\t<div class=\"wc-block-grid__product-price price\"><span class=\"woocommerce-Price-amount amount\" aria-hidden=\"true\">199,78&nbsp;<span class=\"woocommerce-Price-currencySymbol\">&euro;<\/span><\/span> <span aria-hidden=\"true\"> \u2013 <\/span> <span class=\"woocommerce-Price-amount amount\" aria-hidden=\"true\">736,53&nbsp;<span class=\"woocommerce-Price-currencySymbol\">&euro;<\/span><\/span><span class=\"screen-reader-text\">Preisspanne: 199,78&nbsp;&euro; bis 736,53&nbsp;&euro;<\/span><\/div>\n\t\t\t\t\n\t\t\t\t<div class=\"wp-block-button wc-block-grid__product-add-to-cart\"><a href=\"https:\/\/poolsum.shop\/?product=worx-landroid-vision-l1600-wr216e-1-mahroboter-ohne-begrenzungskabel-fur-garten-bis-1600m-ai-rasenmaher-roboter-wlan-bluetooth-aktive-hindernisvermeidung-mit-ki-technologie-igelschutz\" aria-label=\"W\u00e4hle Optionen f\u00fcr \u201eWORX M\u00e4hroboter ohne Begrenzungskabel - 1600m\u00b2 Rasenfl\u00e4che | GPS RTK Navigation\u201c\" data-quantity=\"1\" data-product_id=\"29123\" data-product_sku=\"15525849792836\" data-price=\"199.78\" rel=\"nofollow\" class=\"wp-block-button__link  add_to_cart_button\">Ausf\u00fchrung w\u00e4hlen<\/a><\/div>\n\t\t\t<\/li><li class=\"wc-block-grid__product\">\n\t\t\t\t<a href=\"https:\/\/poolsum.shop\/?product=worx-landroid-vision-cloud-wr306e-2wd-mahroboter-ohne-begrenzungskabel-fur-600-m-ki-hinderniserkennung-vslam-rtk-cloud-navigation-auto-mapping-app-steuerung-cut-to-zero\" class=\"wc-block-grid__product-link\">\n\t\t\t\t\t<div class=\"wc-block-grid__product-onsale\">\n\t\t\t<span aria-hidden=\"true\">Angebot<\/span>\n\t\t\t<span class=\"screen-reader-text\">Produkt im Angebot<\/span>\n\t\t<\/div>\n\t\t\t\t\t<div class=\"wc-block-grid__product-image\"><img loading=\"lazy\" decoding=\"async\" width=\"430\" height=\"359\" src=\"https:\/\/poolsum.shop\/wp-content\/uploads\/2026\/04\/716nwv6kfNL._AC_SL1500-430x359.jpg\" class=\"attachment-woocommerce_thumbnail size-woocommerce_thumbnail\" alt=\"WORX Landroid Vision Cloud WR306E 2WD M\u00e4hroboter ohne Begrenzungskabel f\u00fcr 600 m\u00b2 (KI-Hinderniserkennung, VSLAM+ RTK Cloud Navigation, Auto-Mapping, App-Steuerung, Cut-to-Zero)\" srcset=\"https:\/\/poolsum.shop\/wp-content\/uploads\/2026\/04\/716nwv6kfNL._AC_SL1500-430x359.jpg 430w, https:\/\/poolsum.shop\/wp-content\/uploads\/2026\/04\/716nwv6kfNL._AC_SL1500-359x300.jpg 359w, https:\/\/poolsum.shop\/wp-content\/uploads\/2026\/04\/716nwv6kfNL._AC_SL1500-957x800.jpg 957w, https:\/\/poolsum.shop\/wp-content\/uploads\/2026\/04\/716nwv6kfNL._AC_SL1500-768x642.jpg 768w, https:\/\/poolsum.shop\/wp-content\/uploads\/2026\/04\/716nwv6kfNL._AC_SL1500-700x585.jpg 700w, https:\/\/poolsum.shop\/wp-content\/uploads\/2026\/04\/716nwv6kfNL._AC_SL1500-150x125.jpg 150w, https:\/\/poolsum.shop\/wp-content\/uploads\/2026\/04\/716nwv6kfNL._AC_SL1500.jpg 1500w\" sizes=\"auto, (max-width: 430px) 100vw, 430px\" \/><\/div>\n\t\t\t\t\t<div class=\"wc-block-grid__product-title\">WORX M\u00e4hroboter ohne Begrenzungskabel &#8211; 600m\u00b2 Rasenfl\u00e4che | GPS RTK Navigation<\/div>\n\t\t\t\t<\/a>\n\t\t\t\t<div class=\"wc-block-grid__product-price price\"><span class=\"woocommerce-Price-amount amount\" aria-hidden=\"true\">377,37&nbsp;<span class=\"woocommerce-Price-currencySymbol\">&euro;<\/span><\/span> <span aria-hidden=\"true\"> \u2013 <\/span> <span class=\"woocommerce-Price-amount amount\" aria-hidden=\"true\">1.889,37&nbsp;<span class=\"woocommerce-Price-currencySymbol\">&euro;<\/span><\/span><span class=\"screen-reader-text\">Preisspanne: 377,37&nbsp;&euro; bis 1.889,37&nbsp;&euro;<\/span><\/div>\n\t\t\t\t\n\t\t\t\t<div class=\"wp-block-button wc-block-grid__product-add-to-cart\"><a href=\"https:\/\/poolsum.shop\/?product=worx-landroid-vision-cloud-wr306e-2wd-mahroboter-ohne-begrenzungskabel-fur-600-m-ki-hinderniserkennung-vslam-rtk-cloud-navigation-auto-mapping-app-steuerung-cut-to-zero\" aria-label=\"W\u00e4hle Optionen f\u00fcr \u201eWORX M\u00e4hroboter ohne Begrenzungskabel - 600m\u00b2 Rasenfl\u00e4che | GPS RTK Navigation\u201c\" data-quantity=\"1\" data-product_id=\"29111\" data-product_sku=\"15525848285508\" data-price=\"377.37\" rel=\"nofollow\" class=\"wp-block-button__link  add_to_cart_button\">Ausf\u00fchrung w\u00e4hlen<\/a><\/div>\n\t\t\t<\/li><li class=\"wc-block-grid__product\">\n\t\t\t\t<a href=\"https:\/\/poolsum.shop\/?product=worx-landroid-l-wr155e-mahroboter-akkurasenmaher-fur-grosse-garten-selbstfahrender-rasenmaher-fur-einen-sauberen-rasenschnitt-im-handumdrehen-orange-2000-m2\" class=\"wc-block-grid__product-link\">\n\t\t\t\t\t<div class=\"wc-block-grid__product-onsale\">\n\t\t\t<span aria-hidden=\"true\">Angebot<\/span>\n\t\t\t<span class=\"screen-reader-text\">Produkt im Angebot<\/span>\n\t\t<\/div>\n\t\t\t\t\t<div class=\"wc-block-grid__product-image\"><img loading=\"lazy\" decoding=\"async\" width=\"430\" height=\"245\" src=\"https:\/\/poolsum.shop\/wp-content\/uploads\/2026\/04\/51t5a-h5ebL._AC_SL1200-430x245.jpg\" class=\"attachment-woocommerce_thumbnail size-woocommerce_thumbnail\" alt=\"WORX Landroid L WR155E M\u00e4hroboter\/Akkurasenm\u00e4her f\u00fcr gro\u00dfe G\u00e4rten\/Selbstfahrender Rasenm\u00e4her f\u00fcr einen sauberen Rasenschnitt im Handumdrehen, Orange, 2000 m2\" srcset=\"https:\/\/poolsum.shop\/wp-content\/uploads\/2026\/04\/51t5a-h5ebL._AC_SL1200-430x245.jpg 430w, https:\/\/poolsum.shop\/wp-content\/uploads\/2026\/04\/51t5a-h5ebL._AC_SL1200-400x228.jpg 400w, https:\/\/poolsum.shop\/wp-content\/uploads\/2026\/04\/51t5a-h5ebL._AC_SL1200-768x438.jpg 768w, https:\/\/poolsum.shop\/wp-content\/uploads\/2026\/04\/51t5a-h5ebL._AC_SL1200-700x399.jpg 700w, https:\/\/poolsum.shop\/wp-content\/uploads\/2026\/04\/51t5a-h5ebL._AC_SL1200-150x85.jpg 150w, https:\/\/poolsum.shop\/wp-content\/uploads\/2026\/04\/51t5a-h5ebL._AC_SL1200.jpg 1018w\" sizes=\"auto, (max-width: 430px) 100vw, 430px\" \/><\/div>\n\t\t\t\t\t<div class=\"wc-block-grid__product-title\">WORX M\u00e4hroboter ohne Begrenzungskabel &#8211; 2000m\u00b2 Rasenfl\u00e4che | GPS RTK Navigation<\/div>\n\t\t\t\t<\/a>\n\t\t\t\t<div class=\"wc-block-grid__product-price price\"><span class=\"woocommerce-Price-amount amount\" aria-hidden=\"true\">43,47&nbsp;<span class=\"woocommerce-Price-currencySymbol\">&euro;<\/span><\/span> <span aria-hidden=\"true\"> \u2013 <\/span> <span class=\"woocommerce-Price-amount amount\" aria-hidden=\"true\">374,31&nbsp;<span class=\"woocommerce-Price-currencySymbol\">&euro;<\/span><\/span><span class=\"screen-reader-text\">Preisspanne: 43,47&nbsp;&euro; bis 374,31&nbsp;&euro;<\/span><\/div>\n\t\t\t\t\n\t\t\t\t<div class=\"wp-block-button wc-block-grid__product-add-to-cart\"><a href=\"https:\/\/poolsum.shop\/?product=worx-landroid-l-wr155e-mahroboter-akkurasenmaher-fur-grosse-garten-selbstfahrender-rasenmaher-fur-einen-sauberen-rasenschnitt-im-handumdrehen-orange-2000-m2\" aria-label=\"W\u00e4hle Optionen f\u00fcr \u201eWORX M\u00e4hroboter ohne Begrenzungskabel - 2000m\u00b2 Rasenfl\u00e4che | GPS RTK Navigation\u201c\" data-quantity=\"1\" data-product_id=\"29105\" data-product_sku=\"15525850022212\" data-price=\"43.47\" rel=\"nofollow\" class=\"wp-block-button__link  add_to_cart_button\">Ausf\u00fchrung w\u00e4hlen<\/a><\/div>\n\t\t\t<\/li><li class=\"wc-block-grid__product\">\n\t\t\t\t<a href=\"https:\/\/poolsum.shop\/?product=tectake-polyrattan-gartenmobel-set-sitzgruppe-mit-6-stuhle-1-glasplatte-tisch-4-hocker-gartenlounge-set-klappbar-mit-aluminium-gestell-fur-10-personen-balkon-mobel-inkl-2-bezugsset-grau\" class=\"wc-block-grid__product-link\">\n\t\t\t\t\t<div class=\"wc-block-grid__product-onsale\">\n\t\t\t<span aria-hidden=\"true\">Angebot<\/span>\n\t\t\t<span class=\"screen-reader-text\">Produkt im Angebot<\/span>\n\t\t<\/div>\n\t\t\t\t\t<div class=\"wc-block-grid__product-image\"><img loading=\"lazy\" decoding=\"async\" width=\"430\" height=\"430\" src=\"https:\/\/poolsum.shop\/wp-content\/uploads\/2026\/04\/81_QO4LV2BL._AC_SL1500-430x430.jpg\" class=\"attachment-woocommerce_thumbnail size-woocommerce_thumbnail\" alt=\"tectake\u00ae Polyrattan Gartenm\u00f6bel Set, Sitzgruppe mit 6 St\u00fchle + 1 Glasplatte Tisch + 4 Hocker, Gartenlounge Set klappbar mit Aluminium Gestell, f\u00fcr 10 Personen, Balkon M\u00f6bel, inkl. 2 Bezugsset - grau\" srcset=\"https:\/\/poolsum.shop\/wp-content\/uploads\/2026\/04\/81_QO4LV2BL._AC_SL1500-430x430.jpg 430w, https:\/\/poolsum.shop\/wp-content\/uploads\/2026\/04\/81_QO4LV2BL._AC_SL1500-300x300.jpg 300w, https:\/\/poolsum.shop\/wp-content\/uploads\/2026\/04\/81_QO4LV2BL._AC_SL1500-801x800.jpg 801w, https:\/\/poolsum.shop\/wp-content\/uploads\/2026\/04\/81_QO4LV2BL._AC_SL1500-150x150.jpg 150w, https:\/\/poolsum.shop\/wp-content\/uploads\/2026\/04\/81_QO4LV2BL._AC_SL1500-768x767.jpg 768w, https:\/\/poolsum.shop\/wp-content\/uploads\/2026\/04\/81_QO4LV2BL._AC_SL1500-700x700.jpg 700w, https:\/\/poolsum.shop\/wp-content\/uploads\/2026\/04\/81_QO4LV2BL._AC_SL1500.jpg 1500w\" sizes=\"auto, (max-width: 430px) 100vw, 430px\" \/><\/div>\n\t\t\t\t\t<div class=\"wc-block-grid__product-title\">Polyrattan Gartenm\u00f6bel Set 7-teilig &#8211; 6 St\u00fchle + Glastisch | Wetterfest &amp; UV-best\u00e4ndig<\/div>\n\t\t\t\t<\/a>\n\t\t\t\t<div class=\"wc-block-grid__product-price price\"><span class=\"woocommerce-Price-amount amount\" aria-hidden=\"true\">352,16&nbsp;<span class=\"woocommerce-Price-currencySymbol\">&euro;<\/span><\/span> <span aria-hidden=\"true\"> \u2013 <\/span> <span class=\"woocommerce-Price-amount amount\" aria-hidden=\"true\">428,27&nbsp;<span class=\"woocommerce-Price-currencySymbol\">&euro;<\/span><\/span><span class=\"screen-reader-text\">Preisspanne: 352,16&nbsp;&euro; bis 428,27&nbsp;&euro;<\/span><\/div>\n\t\t\t\t\n\t\t\t\t<div class=\"wp-block-button wc-block-grid__product-add-to-cart\"><a href=\"https:\/\/poolsum.shop\/?product=tectake-polyrattan-gartenmobel-set-sitzgruppe-mit-6-stuhle-1-glasplatte-tisch-4-hocker-gartenlounge-set-klappbar-mit-aluminium-gestell-fur-10-personen-balkon-mobel-inkl-2-bezugsset-grau\" aria-label=\"W\u00e4hle Optionen f\u00fcr \u201ePolyrattan Gartenm\u00f6bel Set 7-teilig - 6 St\u00fchle + Glastisch | Wetterfest &amp; UV-best\u00e4ndig\u201c\" data-quantity=\"1\" data-product_id=\"29097\" data-product_sku=\"15525850054980\" data-price=\"352.16\" rel=\"nofollow\" class=\"wp-block-button__link  add_to_cart_button\">Ausf\u00fchrung w\u00e4hlen<\/a><\/div>\n\t\t\t<\/li><\/ul><\/div><\/div>\n<\/div>\n","protected":false},"excerpt":{"rendered":"","protected":false},"author":1,"featured_media":0,"parent":0,"menu_order":0,"comment_status":"closed","ping_status":"closed","template":"","meta":{"footnotes":""},"class_list":["post-14","page","type-page","status-publish","hentry"],"_links":{"self":[{"href":"https:\/\/poolsum.shop\/index.php?rest_route=\/wp\/v2\/pages\/14","targetHints":{"allow":["GET"]}}],"collection":[{"href":"https:\/\/poolsum.shop\/index.php?rest_route=\/wp\/v2\/pages"}],"about":[{"href":"https:\/\/poolsum.shop\/index.php?rest_route=\/wp\/v2\/types\/page"}],"author":[{"embeddable":true,"href":"https:\/\/poolsum.shop\/index.php?rest_route=\/wp\/v2\/users\/1"}],"replies":[{"embeddable":true,"href":"https:\/\/poolsum.shop\/index.php?rest_route=%2Fwp%2Fv2%2Fcomments&post=14"}],"version-history":[{"count":1,"href":"https:\/\/poolsum.shop\/index.php?rest_route=\/wp\/v2\/pages\/14\/revisions"}],"predecessor-version":[{"id":18,"href":"https:\/\/poolsum.shop\/index.php?rest_route=\/wp\/v2\/pages\/14\/revisions\/18"}],"wp:attachment":[{"href":"https:\/\/poolsum.shop\/index.php?rest_route=%2Fwp%2Fv2%2Fmedia&parent=14"}],"curies":[{"name":"wp","href":"https:\/\/api.w.org\/{rel}","templated":true}]}}